{"id":775,"date":"2024-02-14T16:55:17","date_gmt":"2024-02-14T16:55:17","guid":{"rendered":"https:\/\/www.inversionesgora.com\/?page_id=69"},"modified":"2024-10-15T21:45:16","modified_gmt":"2024-10-15T19:45:16","slug":"ubicaciones","status":"publish","type":"page","link":"https:\/\/www.inversionesgora.com\/ec\/ubicaciones\/","title":{"rendered":"Donde encontrarnos"},"content":{"rendered":"\t\t<div data-elementor-type=\"wp-page\" data-elementor-id=\"775\" class=\"elementor elementor-775\" data-elementor-post-type=\"page\">\n\t\t\t\t<div class=\"elementor-element elementor-element-6a6cc26 e-flex e-con-boxed wpr-particle-no wpr-jarallax-no wpr-parallax-no wpr-sticky-section-no wpr-equal-height-no e-con e-parent\" data-id=\"6a6cc26\" data-element_type=\"container\" data-e-type=\"container\">\n\t\t\t\t\t<div class=\"e-con-inner\">\n\t\t\t\t<div class=\"elementor-element elementor-element-aedd3a7 elementor-widget elementor-widget-heading\" data-id=\"aedd3a7\" data-element_type=\"widget\" data-e-type=\"widget\" data-widget_type=\"heading.default\">\n\t\t\t\t<div class=\"elementor-widget-container\">\n\t\t\t\t\t<h3 class=\"elementor-heading-title elementor-size-default\">NUESTROS HORARIOS DE ATENCI\u00d3N<\/h3>\t\t\t\t<\/div>\n\t\t\t\t<\/div>\n\t\t\t\t\t<\/div>\n\t\t\t\t<\/div>\n\t\t<div class=\"elementor-element elementor-element-b68e0b6 e-flex e-con-boxed wpr-particle-no wpr-jarallax-no wpr-parallax-no wpr-sticky-section-no wpr-equal-height-no e-con e-parent\" data-id=\"b68e0b6\" data-element_type=\"container\" data-e-type=\"container\">\n\t\t\t\t\t<div class=\"e-con-inner\">\n\t\t\t\t<div class=\"elementor-element elementor-element-466362e wpr-table-align-items-center wpr-data-table-type-custom elementor-widget elementor-widget-wpr-data-table\" data-id=\"466362e\" data-element_type=\"widget\" data-e-type=\"widget\" data-widget_type=\"wpr-data-table.default\">\n\t\t\t\t<div class=\"elementor-widget-container\">\n\t\t\t\t\t\n\t\t\t\t\n\t\t<div class=\"wpr-table-container\">\n\t\t<div class=\"wpr-table-inner-container \" data-table-sorting=\"no\" data-custom-pagination=\"no\" data-row-pagination=\"\" data-entry-info=\"no\" data-rows-per-page=\"\">\n\n\t\t\n\t\t\t\t\t\t<table class=\"wpr-data-table\" id=\"wpr-data-table\">\n\t\t\t\t\t\t\t\t\n\t\t\t\t<thead>\n\t\t\t\t\t<tr class=\"wpr-table-head-row wpr-table-row\">\n\t\t\t\t\t\n\t\t\t\t\t\t<th class=\"wpr-table-th elementor-repeater-item-0260ef5\" colspan=\"1\">\n\t\t\t\t\t\t\t<div class=\"\">\n\t\t\t\t\t\t\t\t\t\t\t\t\t\t\t\t\n\t\t\t\t\t\t\t\t\t\t\t\t\t\t\t\t\t<span class=\"wpr-table-text\">Lunes a Viernes<\/span>\n\t\t\t\t\t\t\t\t\t\t\t\t\t\t\t\t\t\t\t\t\t\t\t\t\t\t\t\t\t\t\t\t\t\t\t\t\t\t\t\t\t\t\t\t\t\t\t<\/div>\n\t\t\t\t\t\t<\/th>\n\t\t\t\t\t\t\n\t\t\t\t\t\t<th class=\"wpr-table-th elementor-repeater-item-5ebf863\" colspan=\"1\">\n\t\t\t\t\t\t\t<div class=\"\">\n\t\t\t\t\t\t\t\t\t\t\t\t\t\t\t\t\n\t\t\t\t\t\t\t\t\t\t\t\t\t\t\t\t\t<span class=\"wpr-table-text\">S\u00e1bado<\/span>\n\t\t\t\t\t\t\t\t\t\t\t\t\t\t\t\t\t\t\t\t\t\t\t\t\t\t\t\t\t\t\t\t\t\t\t\t\t\t\t\t\t\t\t\t\t\t\t<\/div>\n\t\t\t\t\t\t<\/th>\n\t\t\t\t\t\t\n\t\t\t\t\t\t<th class=\"wpr-table-th elementor-repeater-item-0833caa\" colspan=\"1\">\n\t\t\t\t\t\t\t<div class=\"\">\n\t\t\t\t\t\t\t\t\t\t\t\t\t\t\t\t\n\t\t\t\t\t\t\t\t\t\t\t\t\t\t\t\t\t<span class=\"wpr-table-text\">Domingo<\/span>\n\t\t\t\t\t\t\t\t\t\t\t\t\t\t\t\t\t\t\t\t\t\t\t\t\t\t\t\t\t\t\t\t\t\t\t\t\t\t\t\t\t\t\t\t\t\t\t<\/div>\n\t\t\t\t\t\t<\/th>\n\t\t\t\t\t\t\t\t\t\t\t<\/tr>\n\t\t\t\t<\/thead>\n\n\t\t\t\t<tbody>\n\t\t\t\t\t\t\t\t\t<tr class=\"wpr-table-body-row wpr-table-row elementor-repeater-item-dd74619 wpr-odd\">\n\t\t\t\t\t\t\t\t\t\t\t\t\t\n\t\t\t\t\t\t\t<td colspan=\"\" rowspan=\"\" class=\"elementor-repeater-item-3203f7e wpr-table-td\">\n\n\t\t\t\t\t\t\t\t<div class=\"wpr-td-content-wrapper \">\n\n\t\t\t\t\t\t\t\t\t\t\t\t\t\t\t\t\t\t\t\t\t\t\t\t\t\t\t\t\t<span>\n\t\t\t\t\t\t\t\t\t \n\t\t\t\t\t\t\t\t\t\t\t<span class=\"wpr-table-text\">\n\t\t\t\t\t\t\t\t\t\t\t\t08:00 AM - 12:30 PM<br>\n02:00 PM - 05:30 PM\t\t\t\t\t\t\t\t\t\t\t<\/span>\n\t\t\t\t\t\t\t\t\t\t\t\t\t\t\t\t\t\t\t\t<\/span>\n\t\t\t\t\t\t\t\t\t\t\t\t\t\t\t\t\t\t\t\t\t\t\t\t\t\t\t\t\n\t\t\t\t\t\t\t\t<\/div>\n\n\t\t\t\t\t\t\t<\/td>\n\t\t\t\t\t\t\t\t\t\t\t\t\t\t\t\n\t\t\t\t\t\t\t<td colspan=\"\" rowspan=\"\" class=\"elementor-repeater-item-f852382 wpr-table-td\">\n\n\t\t\t\t\t\t\t\t<div class=\"wpr-td-content-wrapper \">\n\n\t\t\t\t\t\t\t\t\t\t\t\t\t\t\t\t\t\t\t\t\t\t\t\t\t\t\t\t\t<span>\n\t\t\t\t\t\t\t\t\t \n\t\t\t\t\t\t\t\t\t\t\t<span class=\"wpr-table-text\">\n\t\t\t\t\t\t\t\t\t\t\t\t08:00 AM - 12:00 PM\t\t\t\t\t\t\t\t\t\t\t<\/span>\n\t\t\t\t\t\t\t\t\t\t\t\t\t\t\t\t\t\t\t\t<\/span>\n\t\t\t\t\t\t\t\t\t\t\t\t\t\t\t\t\t\t\t\t\t\t\t\t\t\t\t\t\n\t\t\t\t\t\t\t\t<\/div>\n\n\t\t\t\t\t\t\t<\/td>\n\t\t\t\t\t\t\t\t\t\t\t\t\t\t\t\n\t\t\t\t\t\t\t<td colspan=\"\" rowspan=\"\" class=\"elementor-repeater-item-2b8ff9c wpr-table-td\">\n\n\t\t\t\t\t\t\t\t<div class=\"wpr-td-content-wrapper \">\n\n\t\t\t\t\t\t\t\t\t\t\t\t\t\t\t\t\t\t\t\t\t\t\t\t\t\t\t\t\t<span>\n\t\t\t\t\t\t\t\t\t \n\t\t\t\t\t\t\t\t\t\t\t<span class=\"wpr-table-text\">\n\t\t\t\t\t\t\t\t\t\t\t\tCerrado\t\t\t\t\t\t\t\t\t\t\t<\/span>\n\t\t\t\t\t\t\t\t\t\t\t\t\t\t\t\t\t\t\t\t<\/span>\n\t\t\t\t\t\t\t\t\t\t\t\t\t\t\t\t\t\t\t\t\t\t\t\t\t\t\t\t\n\t\t\t\t\t\t\t\t<\/div>\n\n\t\t\t\t\t\t\t<\/td>\n\t\t\t\t\t\t\t\t\t\t\t\t<\/tr>\n\t\t\t        \t\t\t\t<\/tbody>\n\t\t\t<\/table>\n\t\t<\/div>\n\t\t<\/div>\n    \t\t\t\t\t<\/div>\n\t\t\t\t<\/div>\n\t\t\t\t\t<\/div>\n\t\t\t\t<\/div>\n\t\t<div class=\"elementor-element elementor-element-31100bc e-flex e-con-boxed wpr-particle-no wpr-jarallax-no wpr-parallax-no wpr-sticky-section-no wpr-equal-height-no e-con e-parent\" data-id=\"31100bc\" data-element_type=\"container\" data-e-type=\"container\" data-settings=\"{&quot;background_background&quot;:&quot;classic&quot;}\">\n\t\t\t\t\t<div class=\"e-con-inner\">\n\t\t\t\t<div class=\"elementor-element elementor-element-2363229 elementor-widget elementor-widget-heading\" data-id=\"2363229\" data-element_type=\"widget\" data-e-type=\"widget\" data-widget_type=\"heading.default\">\n\t\t\t\t<div class=\"elementor-widget-container\">\n\t\t\t\t\t<h3 class=\"elementor-heading-title elementor-size-default\">Contamos con puntos en los siguientes puntos de pa\u00eds<\/h3>\t\t\t\t<\/div>\n\t\t\t\t<\/div>\n\t\t\t\t<div class=\"elementor-element elementor-element-9e7ee93 elementor-tabs-view-horizontal elementor-widget elementor-widget-tabs\" data-id=\"9e7ee93\" data-element_type=\"widget\" data-e-type=\"widget\" data-widget_type=\"tabs.default\">\n\t\t\t\t<div class=\"elementor-widget-container\">\n\t\t\t\t\t\t\t<div class=\"elementor-tabs\">\n\t\t\t<div class=\"elementor-tabs-wrapper\" role=\"tablist\" >\n\t\t\t\t\t\t\t\t\t<div id=\"elementor-tab-title-1661\" class=\"elementor-tab-title elementor-tab-desktop-title\" aria-selected=\"true\" data-tab=\"1\" role=\"tab\" tabindex=\"0\" aria-controls=\"elementor-tab-content-1661\" aria-expanded=\"false\">Ecuador<\/div>\n\t\t\t\t\t\t\t\t\t<div id=\"elementor-tab-title-1662\" class=\"elementor-tab-title elementor-tab-desktop-title\" aria-selected=\"false\" data-tab=\"2\" role=\"tab\" tabindex=\"-1\" aria-controls=\"elementor-tab-content-1662\" aria-expanded=\"false\">Colombia<\/div>\n\t\t\t\t\t\t\t\t\t<div id=\"elementor-tab-title-1663\" class=\"elementor-tab-title elementor-tab-desktop-title\" aria-selected=\"false\" data-tab=\"3\" role=\"tab\" tabindex=\"-1\" aria-controls=\"elementor-tab-content-1663\" aria-expanded=\"false\">Peru<\/div>\n\t\t\t\t\t\t\t<\/div>\n\t\t\t<div class=\"elementor-tabs-content-wrapper\" role=\"tablist\" aria-orientation=\"vertical\">\n\t\t\t\t\t\t\t\t\t<div class=\"elementor-tab-title elementor-tab-mobile-title\" aria-selected=\"true\" data-tab=\"1\" role=\"tab\" tabindex=\"0\" aria-controls=\"elementor-tab-content-1661\" aria-expanded=\"false\">Ecuador<\/div>\n\t\t\t\t\t<div id=\"elementor-tab-content-1661\" class=\"elementor-tab-content elementor-clearfix\" data-tab=\"1\" role=\"tabpanel\" aria-labelledby=\"elementor-tab-title-1661\" tabindex=\"0\" hidden=\"false\">\t<script>\r\n\t\tvar allLocations = [\r\n\t\t\t\t{\n\t\t    name: \"GORA ECUADOR\",\n\t\t    \t\t    lat: -2.191659,\r\n\t\t    \t\t    \t\t    lng: -79.882202,\r\n\t\t    \t\t    myid: 557,\n\t\t    \t\t    email: \"<strong>Correo electr\\u00f3nico: <\\\/strong> N\\\/A\",\n\t\t    \t\t    \t\t    website: '',            \n\t\t    \t\t    \t\t    websitebtn: '',            \n\t\t    \t\t\tcaticon: '',\n\t\t    \t\t    zip: \"<strong>C\\u00f3digo Postal: <\\\/strong>090312\",\n\t\t    \t\t    \t\t    phone: \"<strong>Tel\\u00e9fono: <\\\/strong> +59 398 577 0567\",\n\t\t    \t\t    \t\t    phonebtn: \"<a target='_blank' href='tel:+593985770567' class='site_btn sm white_btn'>Llamar<\\\/a>\",\n\t\t    \t\t    \t\t    fax: '',            \n\t\t    \t\t    \t\t    hours: '',\n\t\t    \t\t    \t\t    locationcat: [32],\r\n\t\t    \t\t    \t\t    address: \"<strong>Direcci\\u00f3n: <\\\/strong> Avenida 9 de Octubre 424 y Chile, Edificio Gran Pasaje, Piso 4, oficina 415\",\r\n\t\t\t\t\t\t\t\n\t\t\t\tthumbnail: '',\n\t\t\t\t\t},\r\n\t\t\t\t];\r\n\t\tvar cslAPI = 'AIzaSyCgQ10kfcKhdNmI8mXGiuJVaqUGLfbynWU';\r\n\t\tvar cslMaptype = 'roadmap';\r\n\t\tvar clsIcon = 'https:\/\/www.inversionesgora.com\/ec\/wp-content\/uploads\/sites\/2\/2024\/10\/map_marker.png';\r\n\t\tvar cslcountryrestrict = '';\r\n\t\tvar cslDistanceunits = '';\r\n\t\tvar cslMapDefaultZoom = 12;\r\n\t\tvar cslDisableClusterMarker = '';\r\n\t<\/script>\r\n\t\t\t\t<form class=\"csl-search-form\" data-csl-search-form action=\"#\" method=\"get\">\n\t    <label for=\"userAddress\" id=\"addressWrapper\">\r\n                    <input name=\"userAddress\" id=\"userAddress\" class=\"autocompleteenabled\" type=\"text\" \r\n                value=\"\" \r\n                placeholder=\"Direcci\u00f3n o c\u00f3digo postal\" \/>\r\n            <\/label>\r\n        <a class=\"currentloc\" href=\"#1\">\r\n        <svg id=\"Layer_1\" data-name=\"Layer 1\" xmlns=\"http:\/\/www.w3.org\/2000\/svg\" viewBox=\"0 0 206.62 206.61\"><path d=\"M13.41,108.56H0V98.44c2.92,0,5.85-.18,8.75,0,3.3.26,4.63-.75,5-4.3,3.8-39.33,33.44-71.87,72-79.24,3.74-.71,7.55-1.07,12-1.69V0h10.43V12.72c49.68,7.19,77.94,35.25,85.62,85.09,1.66.07,3.91.22,6.16.27s4.26,0,6.67,0v9.83a18.84,18.84,0,0,1-2.09.38c-3.46.18-8-.92-10.11.85s-1.67,6.36-2.3,9.73C184.37,160,152.05,189.34,110.46,193a13.27,13.27,0,0,0-1.59.46v13.2H98.42V193.43c-23-1.8-42.62-10.29-58.63-26.33S15.3,131.79,13.41,108.56Zm89.91,38.06c23.52,0,43.42-19.93,43.31-43.36C146.52,79.6,126.84,60,103.27,60S60,79.74,60,103.31,79.71,146.62,103.32,146.62Zm76.23-48.54c-1.67-38.71-36.09-70.6-71.05-70.65,0,6.62-.16,13.25.14,19.87.06,1.17,1.85,3,3.1,3.26,24,4.79,39.41,20.15,44.32,44.16.27,1.29,2.05,3.16,3.19,3.21C165.87,98.24,172.51,98.08,179.55,98.08ZM49.63,97.85a8.82,8.82,0,0,0,.7-1.57c4.76-25.3,19.53-40.72,45-45.78,1.08-.22,2.7-1.7,2.73-2.64.24-6.92.13-13.85.13-20.79-41,1.94-71,38.7-70.73,70.78ZM27,108.72c2.48,42.79,40.68,71,71.16,70.39,0-6-.18-11.93.07-17.89.15-3.45-.77-4.86-4.47-5.48C81,153.61,70.5,147.25,62.17,137.3c-6.9-8.25-10.68-17.86-12.13-28.58Zm81.5,70.9c42.69-2.48,71.25-40.45,70.64-71.12-6.62,0-13.26-.15-19.88.15-1.14.06-2.91,1.92-3.18,3.21-5.18,24.4-19.84,39.11-44.29,44.2-1.27.27-3.09,2.1-3.15,3.28C108.34,166,108.5,172.58,108.5,179.62Z\"\/><path d=\"M85.89,103.08c.17-9.36,8.54-17.46,17.77-17.19s17.1,8.29,17.11,17.41c0,9.29-8.25,17.5-17.56,17.46S85.72,112.35,85.89,103.08Z\"\/><\/svg>\r\n    <\/a>\r\n    <input name=\"maxRadius\" id=\"maxRadius\" type=\"hidden\" \r\n        value=\"20\" min=\"1\" \/>\r\n    <button id=\"submitLocationSearch\">B\u00fasqueda<\/button>\n    <button type=\"reset\" name=\"reset\" id=\"mapreset\">Reiniciar<\/button>\n<\/form>\n<h2 id=\"location-search-alert\">Todos Los Lugares<\/h2>\n<div class=\"csl-wrapper\" id=\"csl-wrapper\">    \r\n    <div class=\"csl-left\">\r\n        <div id=\"locations-near-you\">\r\n                            <div class=\"location-near-you-box\">\r\n                                            <div class=\"csl-list-item\">\r\n                            <div data-markerid=\"0\" class=\"marker-link\">\r\n                                <svg id=\"Layer_1\" data-name=\"Layer 1\" xmlns=\"http:\/\/www.w3.org\/2000\/svg\" viewBox=\"0 0 167.77 225\"><path d=\"M81.36,225a289.94,289.94,0,0,1-59.69-71.68C11.1,135.44,3.33,116.49.72,95.68-5.68,44.52,31.46,5.76,73.05.85A24.37,24.37,0,0,0,76.36,0h15c6.9,1.66,14,2.76,20.67,5.08,37.62,13.12,60.73,52.49,54.83,91.62-4.45,29.46-17.48,55-35.17,78.2-12.07,15.8-26.16,30.06-39.42,44.94A60.82,60.82,0,0,1,86.36,225Zm1.81-17.8c2-1.95,3.36-3,4.42-4.22C98.8,189.82,110.72,177.17,121,163.3c15.33-20.72,27-43.3,30.72-69.44C158.8,44,111,3.34,63,18.77,27.36,30.24,8.54,66.15,17.91,104.61c6.11,25.1,19,46.7,34.66,66.73C62.16,183.63,72.79,195.1,83.17,207.2Z\"\/><path d=\"M45.22,83.8A38.52,38.52,0,0,1,83.73,45c21.68,0,38.77,17.29,38.75,39.15A38.78,38.78,0,0,1,83.93,123C62.31,123,45.24,105.75,45.22,83.8Zm15.21,0a23.84,23.84,0,0,0,23.28,23.85c12.62.11,23.55-10.82,23.57-23.59S96.67,60.32,84,60.23,60.49,71,60.43,83.83Z\"\/><\/svg>\r\n                                <h4>GORA ECUADOR<\/h4>\r\n                                <p>\r\n                                    <strong>Direcci\u00f3n: <\/strong>Avenida 9 de Octubre 424 y Chile, Edificio Gran Pasaje, Piso 4, oficina 415                                    <br><strong>C\u00f3digo Postal: <\/strong> 090312                                    <br><strong>Tel\u00e9fono: <\/strong> <a href=\"tel:593985770567\">+59 398 577 0567<\/a>                                    <br><strong>Correo electr\u00f3nico: <\/strong> <a href=\"mailto:N\/A\">N\/A<\/a>                                                                                                                                            <\/p>                                \r\n                                <a href=\"#1\" class=\"viewmaplink\">Ver en el Mapa<\/a>\r\n                            <\/div>\r\n                        <\/div>\r\n                                    <\/div>\r\n                    <\/div>\r\n    <\/div>\r\n    <div class=\"csl-right\">\r\n        <div id=\"locations-near-you-map\"><\/div>\r\n        <div id=\"floating-panel-map\" style=\"display:none;\">\r\n            <input type=\"button\" value=\"Volver al Mapa\" id=\"togglemap\" \/>\r\n        <\/div>\r\n        <div id=\"pano\" style=\"display:none;\"><\/div>\r\n    <\/div>\r\n<\/div>\n\t<\/div>\n\t\t\t\t\t\t\t\t\t<div class=\"elementor-tab-title elementor-tab-mobile-title\" aria-selected=\"false\" data-tab=\"2\" role=\"tab\" tabindex=\"-1\" aria-controls=\"elementor-tab-content-1662\" aria-expanded=\"false\">Colombia<\/div>\n\t\t\t\t\t<div id=\"elementor-tab-content-1662\" class=\"elementor-tab-content elementor-clearfix\" data-tab=\"2\" role=\"tabpanel\" aria-labelledby=\"elementor-tab-title-1662\" tabindex=\"0\" hidden=\"hidden\"><embed style=\"height: 785px;\" src=\".\/colombia\" width=\"300\" height=\"150\"><\/embed><\/div>\n\t\t\t\t\t\t\t\t\t<div class=\"elementor-tab-title elementor-tab-mobile-title\" aria-selected=\"false\" data-tab=\"3\" role=\"tab\" tabindex=\"-1\" aria-controls=\"elementor-tab-content-1663\" aria-expanded=\"false\">Peru<\/div>\n\t\t\t\t\t<div id=\"elementor-tab-content-1663\" class=\"elementor-tab-content elementor-clearfix\" data-tab=\"3\" role=\"tabpanel\" aria-labelledby=\"elementor-tab-title-1663\" tabindex=\"0\" hidden=\"hidden\"><embed style=\"height: 785px;\" src=\".\/peru\" width=\"300\" height=\"150\"><\/embed><\/div>\n\t\t\t\t\t\t\t<\/div>\n\t\t<\/div>\n\t\t\t\t\t\t<\/div>\n\t\t\t\t<\/div>\n\t\t\t\t\t<\/div>\n\t\t\t\t<\/div>\n\t\t\t\t<\/div>\n\t\t","protected":false},"excerpt":{"rendered":"<p>NUESTROS HORARIOS DE ATENCI\u00d3N Lunes a Viernes S\u00e1bado Domingo 08:00 AM &#8211; 12:30 PM 02:00 PM &#8211; 05:30 PM 08:00 AM &#8211; 12:00 PM Cerrado Contamos con puntos en los siguientes puntos de pa\u00eds Ecuador Colombia Peru Ecuador B\u00fasqueda Reiniciar Todos Los Lugares GORA ECUADOR Direcci\u00f3n: Avenida 9 de Octubre 424 y Chile, Edificio Gran Pasaje, Piso 4, oficina 415 C\u00f3digo Postal: 090312 Tel\u00e9fono: +59 398 577 0567 Correo electr\u00f3nico: N\/A Ver en el Mapa Colombia Peru<\/p>\n","protected":false},"author":3,"featured_media":0,"parent":0,"menu_order":0,"comment_status":"closed","ping_status":"closed","template":"","meta":{"inline_featured_image":false,"footnotes":""},"class_list":["post-775","page","type-page","status-publish","hentry"],"_links":{"self":[{"href":"https:\/\/www.inversionesgora.com\/ec\/wp-json\/wp\/v2\/pages\/775","targetHints":{"allow":["GET"]}}],"collection":[{"href":"https:\/\/www.inversionesgora.com\/ec\/wp-json\/wp\/v2\/pages"}],"about":[{"href":"https:\/\/www.inversionesgora.com\/ec\/wp-json\/wp\/v2\/types\/page"}],"author":[{"embeddable":true,"href":"https:\/\/www.inversionesgora.com\/ec\/wp-json\/wp\/v2\/users\/3"}],"replies":[{"embeddable":true,"href":"https:\/\/www.inversionesgora.com\/ec\/wp-json\/wp\/v2\/comments?post=775"}],"version-history":[{"count":16,"href":"https:\/\/www.inversionesgora.com\/ec\/wp-json\/wp\/v2\/pages\/775\/revisions"}],"predecessor-version":[{"id":1503,"href":"https:\/\/www.inversionesgora.com\/ec\/wp-json\/wp\/v2\/pages\/775\/revisions\/1503"}],"wp:attachment":[{"href":"https:\/\/www.inversionesgora.com\/ec\/wp-json\/wp\/v2\/media?parent=775"}],"curies":[{"name":"wp","href":"https:\/\/api.w.org\/{rel}","templated":true}]}}